{"id":150,"date":"2022-02-09T20:15:46","date_gmt":"2022-02-09T19:15:46","guid":{"rendered":"https:\/\/dh.ts-cloud-engineering.de\/?page_id=150"},"modified":"2025-06-29T21:59:05","modified_gmt":"2025-06-29T19:59:05","slug":"ueber-demokratie-hautnah","status":"publish","type":"page","link":"https:\/\/dh.ts-cloud-engineering.de\/","title":{"rendered":"\u00dcber Demokratie hautnah"},"content":{"rendered":"\n<p>Demokratie kann nur funktionieren, wenn die Interessen der B\u00fcrger von den B\u00fcrgern selbst artikuliert werden.<\/p>\n\n\n\n<p>Sich einzumischen bedeutet nicht nur einfach, irgend etwas zu kommunizieren, was evtl. nichts mit einem zu tun hat, sondern es bedeutet, seinen Worten die Taten folgen zu lassen, die einem wirklich etwas bedeuten. Auch Gewissenhaftigkeit geh\u00f6rt dazu. Es ist nicht nur relevant, das Ziel zu erreichen. Es ist vor allen Dingen relevant, das Ziel zu erreichen, das vereinbar mit dem eigenen Gewissen ist.<\/p>\n\n\n\n<p>Gewissenlosigkeit hat nichts mit Demokratie zu tun. Es muss eine Demokratie mit Gewissen der Menschen entstehen.<\/p>\n\n\n\n<p>Es m\u00fcssen Menschen in die Lage versetzt werden, sich einzumischen.<\/p>\n\n\n\n<p>Gibt es Freiwillige, die die Volksvertreter abl\u00f6sen wollen? Nur durch Freiwillige, die f\u00e4hig sind, die Volksvertreter zu ersetzen, sind L\u00f6sungen f\u00fcr Probleme, die durch Volksvertreter verursacht werden, m\u00f6glich. <\/p>\n\n\n\n<p>Werden f\u00fcr diese Freiwilligen Werkzeuge zur Verf\u00fcgung gestellt, die die Abl\u00f6sung der Volksvertreter erm\u00f6glichen? Wenn nein, m\u00fcssen diesen Freiwilligen Werkzeuge zur Verf\u00fcgung gestellt werden.<\/p>\n\n\n\n<p>Wie kann das Werkzeug &#8222;Petition&#8220; verwendet werden?<\/p>\n\n\n\n<p>Wie kann das Werkzeug &#8222;Stimmzettel&#8220; verwendet werden zur Ver\u00f6ffentlichung von &#8222;Themen&#8220;, \u00fcber die abgestimmt werden soll?<\/p>\n\n\n\n<p>Stimmzettel sollten eingesetzt werden, damit Menschen Stimmen abgeben k\u00f6nnen f\u00fcr die Ideen, die sie haben. Es sollte die M\u00f6glichkeit geben, dass die Menschen eigene Ideen ver\u00f6ffentlichen. Es sollte aber auch die M\u00f6glichkeit gegeben werden, dass Menschen einfach ankreuzen k\u00f6nnen, welche Ideen fremder Menschen einer eigenen Stimme w\u00fcrdig sind.<\/p>\n\n\n\n<p>Stimmzettel geben den Menschen die M\u00f6glichkeit, auf einem Blatt Papier das zur Aussprache zu bringen, was diese Menschen nicht durch Politiker und auch nicht durch Abstimmung durch Politiker zur Sprache bringen k\u00f6nnen.<\/p>\n\n\n\n<p>Es geht darum auszuprobieren, ob ein Stimmzettel alternativ durch Themen besetzt werden kann. Bisher ist es so, dass Stimmen f\u00fcr Parteimitglieder abgegeben werden, so wie am Beispiel des hessischen Stimmzettel f\u00fcr die Europawahl 2024 gezeigt:<\/p>\n\n\n\n\n\n<p>Stimmzettel erstellen und von den Menschen ausf\u00fcllen lassen. Wie wird der Stimmzettel erstellt?<br>Personenkreis -&gt; Fragen, die diesem Personenkreis zugeh\u00f6rig sind.<\/p>\n\n\n\n<p>Frage -&gt; Antwortm\u00f6glichkeiten. Wie kommen die Fragen zustande? Fragen m\u00fcssen an die Menschen angepasst werden.<\/p>\n\n\n\n<div data-wp-interactive=\"core\/file\" class=\"wp-block-file\"><object data-wp-bind--hidden=\"!state.hasPdfPreview\" hidden class=\"wp-block-file__embed\" data=\"https:\/\/dh.ts-cloud-engineering.de\/wp-content\/uploads\/2025\/06\/musterstimmzettel_europawahl_2024.pdf\" type=\"application\/pdf\" style=\"width:100%;height:600px\" aria-label=\"Einbettung von musterstimmzettel_europawahl_2024.\"><\/object><a id=\"wp-block-file--media-b2abdde5-a8a7-4a1c-a2da-5d258ca059de\" href=\"https:\/\/dh.ts-cloud-engineering.de\/wp-content\/uploads\/2025\/06\/musterstimmzettel_europawahl_2024.pdf\">musterstimmzettel_europawahl_2024<\/a><a href=\"https:\/\/dh.ts-cloud-engineering.de\/wp-content\/uploads\/2025\/06\/musterstimmzettel_europawahl_2024.pdf\" class=\"wp-block-file__button wp-element-button\" download aria-describedby=\"wp-block-file--media-b2abdde5-a8a7-4a1c-a2da-5d258ca059de\">Herunterladen<\/a><\/div>\n","protected":false},"excerpt":{"rendered":"<p>Demokratie kann nur funktionieren, wenn die Interessen der B\u00fcrger von den B\u00fcrgern selbst artikuliert werden. Sich einzumischen bedeutet nicht nur einfach, irgend etwas zu kommunizieren, was evtl. nichts mit einem zu tun hat, sondern es bedeutet, seinen Worten die Taten folgen zu lassen, die einem wirklich etwas bedeuten. Auch Gewissenhaftigkeit geh\u00f6rt dazu. Es ist nicht [&hellip;]<\/p>\n","protected":false},"author":3,"featured_media":0,"parent":0,"menu_order":0,"comment_status":"closed","ping_status":"closed","template":"","meta":{"footnotes":""},"class_list":["post-150","page","type-page","status-publish","hentry"],"_links":{"self":[{"href":"https:\/\/dh.ts-cloud-engineering.de\/index.php?rest_route=\/wp\/v2\/pages\/150","targetHints":{"allow":["GET"]}}],"collection":[{"href":"https:\/\/dh.ts-cloud-engineering.de\/index.php?rest_route=\/wp\/v2\/pages"}],"about":[{"href":"https:\/\/dh.ts-cloud-engineering.de\/index.php?rest_route=\/wp\/v2\/types\/page"}],"author":[{"embeddable":true,"href":"https:\/\/dh.ts-cloud-engineering.de\/index.php?rest_route=\/wp\/v2\/users\/3"}],"replies":[{"embeddable":true,"href":"https:\/\/dh.ts-cloud-engineering.de\/index.php?rest_route=%2Fwp%2Fv2%2Fcomments&post=150"}],"version-history":[{"count":17,"href":"https:\/\/dh.ts-cloud-engineering.de\/index.php?rest_route=\/wp\/v2\/pages\/150\/revisions"}],"predecessor-version":[{"id":232,"href":"https:\/\/dh.ts-cloud-engineering.de\/index.php?rest_route=\/wp\/v2\/pages\/150\/revisions\/232"}],"wp:attachment":[{"href":"https:\/\/dh.ts-cloud-engineering.de\/index.php?rest_route=%2Fwp%2Fv2%2Fmedia&parent=150"}],"curies":[{"name":"wp","href":"https:\/\/api.w.org\/{rel}","templated":true}]}}