{"id":3,"date":"2021-04-05T22:56:40","date_gmt":"2021-04-05T20:56:40","guid":{"rendered":"https:\/\/dh.ts-cloud-engineering.de\/?page_id=3"},"modified":"2025-07-13T16:09:15","modified_gmt":"2025-07-13T14:09:15","slug":"datenschutzerklaerung","status":"publish","type":"page","link":"https:\/\/dh.ts-cloud-engineering.de\/?page_id=3","title":{"rendered":"Datenschutzerkl\u00e4rung"},"content":{"rendered":"\n<p>Verantwortlicher im Sinne der Datenschutzgesetze:<br>Thomas Schnitzler,<br>Julius-Leber-Str. 5,<br>56076 Koblenz,<br>Email: <a href=\"mailto:tschnitzler@ts-cloud-engineering.de\">tschnitzler@ts-cloud-engineering.de<\/a><\/p>\n\n\n\n<h2 class=\"wp-block-heading\">1. Kontaktaufnahme per E-Mail<\/h2>\n\n\n\n<p>Wenn Sie uns per E-Mail kontaktieren, werden Ihre Angaben inklusive der von Ihnen angegebenen Kontaktdaten (z.\u202fB. Name, E-Mail-Adresse) ausschlie\u00dflich zur Bearbeitung Ihrer Anfrage und f\u00fcr den Fall von Anschlussfragen bei uns gespeichert. Eine Weitergabe Ihrer Daten an Dritte erfolgt nicht ohne Ihre ausdr\u00fcckliche Einwilligung.<\/p>\n\n\n\n<p>Rechtsgrundlage:<br>Die Verarbeitung Ihrer E-Mail-Daten erfolgt auf Grundlage von Art. 6 Abs. 1 lit. f DSGVO (berechtigtes Interesse) zur Beantwortung Ihrer Anfrage. Sofern Ihre Anfrage auf den Abschluss eines Vertrags abzielt, ist ggf. Art. 6 Abs. 1 lit. b DSGVO einschl\u00e4gig.<\/p>\n\n\n\n<p>Sie k\u00f6nnen der Verarbeitung Ihrer Daten jederzeit widersprechen oder eine L\u00f6schung verlangen. Dazu reicht eine formlose Nachricht per E-Mail an uns. Die Rechtm\u00e4\u00dfigkeit der bis zum Widerruf erfolgten Verarbeitung bleibt davon unber\u00fchrt.<\/p>\n\n\n\n<p>Die Daten werden gel\u00f6scht, sobald sie f\u00fcr die Erf\u00fcllung des Zwecks nicht mehr erforderlich sind, es sei denn, gesetzliche Aufbewahrungspflichten stehen dem entgegen.<\/p>\n\n\n\n<h2 class=\"wp-block-heading\"><strong>2. Erhebung und Speicherung personenbezogener Daten beim Besuch der Website<\/strong><\/h2>\n\n\n\n<p>Beim Aufrufen unserer Website werden durch den auf unserem Webserver t\u00e4tigen Hostinganbieter (manitu GmbH, Welvertstra\u00dfe 2, 66606 St. Wendel, Deutschland) automatisch Informationen in sogenannten Server-Logfiles erfasst. Diese Informationen werden tempor\u00e4r in einer Protokolldatei gespeichert. Folgende Informationen werden dabei ohne Ihr Zutun erfasst und bis zur automatisierten L\u00f6schung gespeichert:<\/p>\n\n\n\n<ul class=\"wp-block-list\">\n<li>IP-Adresse des anfragenden Rechners (ggf. anonymisiert)<\/li>\n\n\n\n<li>Datum und Uhrzeit des Zugriffs<\/li>\n\n\n\n<li>Name und URL der abgerufenen Datei<\/li>\n\n\n\n<li>Website, von der aus der Zugriff erfolgt (Referrer-URL)<\/li>\n\n\n\n<li>verwendeter Browser und ggf. das Betriebssystem Ihres Rechners<\/li>\n<\/ul>\n\n\n\n<p>Die genannten Daten werden durch uns und unseren Hostinganbieter zu folgenden Zwecken verarbeitet:<\/p>\n\n\n\n<ul class=\"wp-block-list\">\n<li>Gew\u00e4hrleistung eines reibungslosen Verbindungsaufbaus der Website<\/li>\n\n\n\n<li>Gew\u00e4hrleistung einer komfortablen Nutzung unserer Website<\/li>\n\n\n\n<li>Auswertung der Systemsicherheit und -stabilit\u00e4t<\/li>\n<\/ul>\n\n\n\n<p>Die Rechtsgrundlage f\u00fcr die Datenverarbeitung ist Art. 6 Abs. 1 lit. f DSGVO. Unser berechtigtes Interesse folgt aus den oben aufgelisteten Zwecken zur Datenerhebung. Eine Zusammenf\u00fchrung dieser Daten mit anderen Datenquellen wird nicht vorgenommen. Die Logfiles werden nach sp\u00e4testens 21 Tagen gel\u00f6scht.<\/p>\n\n\n\n<h2 class=\"wp-block-heading\">3. Cookies<\/h2>\n\n\n\n<h2 class=\"wp-block-heading\">a) Technisch notwendige Cookies<\/h2>\n\n\n\n<p>Wir setzen Cookies ein, die f\u00fcr den Betrieb und die Funktionalit\u00e4t der Website erforderlich sind. Dazu geh\u00f6ren beispielsweise Cookies, die das Einloggen von Administratoren erm\u00f6glichen oder Ihre Cookie-Einstellungen speichern.<\/p>\n\n\n\n<p><strong>Hinweis:<\/strong> Auf dieser Website k\u00f6nnen sich nur Administratoren (z.\u202fB. der Seitenbetreiber) einloggen. F\u00fcr normale Besucher werden keine Login-Cookies gesetzt.<\/p>\n\n\n\n<p><strong>Rechtsgrundlage:<\/strong> Art. 6 Abs. 1 lit. f DSGVO (berechtigtes Interesse).<\/p>\n\n\n\n<h2 class=\"wp-block-heading\">b) Nicht-notwendige Cookies und Tracking<\/h2>\n\n\n\n<p>Wir verwenden keine Analyse-, Marketing- oder Social-Media-Tools, die ohne Ihre ausdr\u00fcckliche Einwilligung Cookies setzen oder personenbezogene Daten erfassen.<\/p>\n\n\n\n<h2 class=\"wp-block-heading\">c) Cookie-Einstellungen<\/h2>\n\n\n\n<p>Sie k\u00f6nnen Ihre Cookie-Einstellungen jederzeit \u00fcber Ihren Browser anpassen oder bereits gespeicherte Cookies l\u00f6schen. Die Deaktivierung von Cookies kann die Funktionalit\u00e4t dieser Website einschr\u00e4nken.<\/p>\n\n\n\n<h2 class=\"wp-block-heading\">4. Hosting<\/h2>\n\n\n\n<p>Unsere Website wird bei der manitu GmbH gehostet. Mit dem Anbieter besteht ein Vertrag zur Auftragsverarbeitung gem\u00e4\u00df Art. 28 DSGVO.<\/p>\n\n\n\n<h2 class=\"wp-block-heading\">5. Betroffenenrechte<\/h2>\n\n\n\n<p>Sie haben das Recht:<\/p>\n\n\n\n<ul class=\"wp-block-list\">\n<li>gem\u00e4\u00df Art. 15 DSGVO Auskunft \u00fcber Ihre von uns verarbeiteten personenbezogenen Daten zu verlangen,<\/li>\n\n\n\n<li>gem\u00e4\u00df Art. 16 DSGVO unverz\u00fcglich die Berichtigung unrichtiger oder Vervollst\u00e4ndigung Ihrer bei uns gespeicherten personenbezogenen Daten zu verlangen,<\/li>\n\n\n\n<li>gem\u00e4\u00df Art. 17 DSGVO die L\u00f6schung Ihrer bei uns gespeicherten personenbezogenen Daten zu verlangen,<\/li>\n\n\n\n<li>gem\u00e4\u00df Art. 18 DSGVO die Einschr\u00e4nkung der Verarbeitung Ihrer personenbezogenen Daten zu verlangen,<\/li>\n\n\n\n<li>gem\u00e4\u00df Art. 20 DSGVO Ihre personenbezogenen Daten, die Sie uns bereitgestellt haben, in einem strukturierten, g\u00e4ngigen und maschinenlesbaren Format zu erhalten oder die \u00dcbermittlung an einen anderen Verantwortlichen zu verlangen,<\/li>\n\n\n\n<li>gem\u00e4\u00df Art. 21 DSGVO Widerspruch gegen die Verarbeitung einzulegen,<\/li>\n\n\n\n<li>gem\u00e4\u00df Art. 77 DSGVO sich bei einer Aufsichtsbeh\u00f6rde zu beschweren.<\/li>\n<\/ul>\n\n\n\n<h2 class=\"wp-block-heading\">6. SSL- bzw. TLS-Verschl\u00fcsselung<\/h2>\n\n\n\n<p>Diese Seite nutzt aus Sicherheitsgr\u00fcnden und zum Schutz der \u00dcbertragung vertraulicher Inhalte eine SSL- bzw. TLS-Verschl\u00fcsselung.<\/p>\n\n\n\n<h2 class=\"wp-block-heading\">7. Aktualit\u00e4t und \u00c4nderung dieser Datenschutzerkl\u00e4rung<\/h2>\n\n\n\n<p>Diese Datenschutzerkl\u00e4rung ist aktuell g\u00fcltig und hat den Stand: Juli 2025.<br>Durch die Weiterentwicklung unserer Website oder aufgrund ge\u00e4nderter gesetzlicher Vorgaben kann es notwendig werden, diese Datenschutzerkl\u00e4rung zu \u00e4ndern.<\/p>\n","protected":false},"excerpt":{"rendered":"<p>Verantwortlicher im Sinne der Datenschutzgesetze:Thomas Schnitzler,Julius-Leber-Str. 5,56076 Koblenz,Email: tschnitzler@ts-cloud-engineering.de 1. Kontaktaufnahme per E-Mail Wenn Sie uns per E-Mail kontaktieren, werden Ihre Angaben inklusive der von Ihnen angegebenen Kontaktdaten (z.\u202fB. Name, E-Mail-Adresse) ausschlie\u00dflich zur Bearbeitung Ihrer Anfrage und f\u00fcr den Fall von Anschlussfragen bei uns gespeichert. Eine Weitergabe Ihrer Daten an Dritte erfolgt nicht ohne Ihre [&hellip;]<\/p>\n","protected":false},"author":3,"featured_media":0,"parent":0,"menu_order":3,"comment_status":"closed","ping_status":"open","template":"","meta":{"footnotes":""},"class_list":["post-3","page","type-page","status-publish","hentry"],"_links":{"self":[{"href":"https:\/\/dh.ts-cloud-engineering.de\/index.php?rest_route=\/wp\/v2\/pages\/3","targetHints":{"allow":["GET"]}}],"collection":[{"href":"https:\/\/dh.ts-cloud-engineering.de\/index.php?rest_route=\/wp\/v2\/pages"}],"about":[{"href":"https:\/\/dh.ts-cloud-engineering.de\/index.php?rest_route=\/wp\/v2\/types\/page"}],"author":[{"embeddable":true,"href":"https:\/\/dh.ts-cloud-engineering.de\/index.php?rest_route=\/wp\/v2\/users\/3"}],"replies":[{"embeddable":true,"href":"https:\/\/dh.ts-cloud-engineering.de\/index.php?rest_route=%2Fwp%2Fv2%2Fcomments&post=3"}],"version-history":[{"count":9,"href":"https:\/\/dh.ts-cloud-engineering.de\/index.php?rest_route=\/wp\/v2\/pages\/3\/revisions"}],"predecessor-version":[{"id":244,"href":"https:\/\/dh.ts-cloud-engineering.de\/index.php?rest_route=\/wp\/v2\/pages\/3\/revisions\/244"}],"wp:attachment":[{"href":"https:\/\/dh.ts-cloud-engineering.de\/index.php?rest_route=%2Fwp%2Fv2%2Fmedia&parent=3"}],"curies":[{"name":"wp","href":"https:\/\/api.w.org\/{rel}","templated":true}]}}